{"id":99,"date":"2021-05-06T19:25:21","date_gmt":"2021-05-06T17:25:21","guid":{"rendered":"https:\/\/bigbaltona.pl\/?page_id=99"},"modified":"2024-10-30T16:52:56","modified_gmt":"2024-10-30T15:52:56","slug":"ubezpieczenia-otwock-big-baltona-jacek-jeruzal","status":"publish","type":"page","link":"https:\/\/bigbaltona.pl\/","title":{"rendered":"Ubezpieczenia Otwock Big Baltona Jacek Jeruzal"},"content":{"rendered":"\t\t<div data-elementor-type=\"wp-page\" data-elementor-id=\"99\" class=\"elementor elementor-99\">\n\t\t\t\t\t\t<section class=\"elementor-section elementor-top-section elementor-element elementor-element-1c80b23 elementor-section-content-top elementor-section-stretched elementor-section-boxed elementor-section-height-default elementor-section-height-default\" data-id=\"1c80b23\" data-element_type=\"section\" data-e-type=\"section\" data-settings=\"{&quot;stretch_section&quot;:&quot;section-stretched&quot;}\">\n\t\t\t\t\t\t\t<div class=\"elementor-background-overlay\"><\/div>\n\t\t\t\t\t\t\t<div class=\"elementor-container elementor-column-gap-narrow\">\n\t\t\t\t\t<div class=\"elementor-column elementor-col-33 elementor-top-column elementor-element elementor-element-ee02696\" data-id=\"ee02696\" data-element_type=\"column\" data-e-type=\"column\">\n\t\t\t<div class=\"elementor-widget-wrap elementor-element-populated\">\n\t\t\t\t\t\t<div class=\"elementor-element elementor-element-eb31da0 elementor-position-top elementor-widget elementor-widget-image-box\" data-id=\"eb31da0\" data-element_type=\"widget\" data-e-type=\"widget\" data-widget_type=\"image-box.default\">\n\t\t\t\t<div class=\"elementor-widget-container\">\n\t\t\t\t\t<div class=\"elementor-image-box-wrapper\"><figure class=\"elementor-image-box-img\"><a href=\"https:\/\/bigbaltona.pl\/?page_id=38#ubezpieczenia-komunikacyjne\" tabindex=\"-1\"><img fetchpriority=\"high\" decoding=\"async\" width=\"512\" height=\"512\" src=\"https:\/\/bigbaltona.pl\/wp-content\/uploads\/2021\/05\/car-insurance.png\" class=\"elementor-animation-shrink attachment-full size-full wp-image-174\" alt=\"Big Baltona: Ubezpieczenia komunikacyjne\" srcset=\"https:\/\/bigbaltona.pl\/wp-content\/uploads\/2021\/05\/car-insurance.png 512w, https:\/\/bigbaltona.pl\/wp-content\/uploads\/2021\/05\/car-insurance-300x300.png 300w, https:\/\/bigbaltona.pl\/wp-content\/uploads\/2021\/05\/car-insurance-150x150.png 150w\" sizes=\"(max-width: 512px) 100vw, 512px\" \/><\/a><\/figure><div class=\"elementor-image-box-content\"><h4 class=\"elementor-image-box-title\"><a href=\"https:\/\/bigbaltona.pl\/?page_id=38#ubezpieczenia-komunikacyjne\">Ubezpieczenia komunikacyjne<\/a><\/h4><p class=\"elementor-image-box-description\">Najta\u0144sze polisy OC, dopasowane do potrzeb klienta polisy AC, oferty wielu towarzystw ubezpieczeniowych<\/p><\/div><\/div>\t\t\t\t<\/div>\n\t\t\t\t<\/div>\n\t\t\t\t\t<\/div>\n\t\t<\/div>\n\t\t\t\t<div class=\"elementor-column elementor-col-33 elementor-top-column elementor-element elementor-element-9ef74ed\" data-id=\"9ef74ed\" data-element_type=\"column\" data-e-type=\"column\">\n\t\t\t<div class=\"elementor-widget-wrap elementor-element-populated\">\n\t\t\t\t\t\t<div class=\"elementor-element elementor-element-af7406f elementor-position-top elementor-widget elementor-widget-image-box\" data-id=\"af7406f\" data-element_type=\"widget\" data-e-type=\"widget\" data-widget_type=\"image-box.default\">\n\t\t\t\t<div class=\"elementor-widget-container\">\n\t\t\t\t\t<div class=\"elementor-image-box-wrapper\"><figure class=\"elementor-image-box-img\"><a href=\"https:\/\/bigbaltona.pl\/?page_id=38#ubezpieczenia-zycie\" tabindex=\"-1\"><img decoding=\"async\" width=\"512\" height=\"512\" data-src=\"https:\/\/bigbaltona.pl\/wp-content\/uploads\/2021\/05\/medical-insurance.png\" class=\"elementor-animation-shrink attachment-full size-full wp-image-175 lazyload\" alt=\"\" data-srcset=\"https:\/\/bigbaltona.pl\/wp-content\/uploads\/2021\/05\/medical-insurance.png 512w, https:\/\/bigbaltona.pl\/wp-content\/uploads\/2021\/05\/medical-insurance-300x300.png 300w, https:\/\/bigbaltona.pl\/wp-content\/uploads\/2021\/05\/medical-insurance-150x150.png 150w\" data-sizes=\"(max-width: 512px) 100vw, 512px\" src=\"data:image\/svg+xml;base64,PHN2ZyB3aWR0aD0iMSIgaGVpZ2h0PSIxIiB4bWxucz0iaHR0cDovL3d3dy53My5vcmcvMjAwMC9zdmciPjwvc3ZnPg==\" style=\"--smush-placeholder-width: 512px; --smush-placeholder-aspect-ratio: 512\/512;\" \/><\/a><\/figure><div class=\"elementor-image-box-content\"><h4 class=\"elementor-image-box-title\"><a href=\"https:\/\/bigbaltona.pl\/?page_id=38#ubezpieczenia-zycie\">Ubezpieczenia na \u017cycie<\/a><\/h4><p class=\"elementor-image-box-description\">Zabezpiecz \u017cycie oraz zdrowie swoje i swoich najbli\u017cszych. R\u00f3\u017cne warianty ubezpiecze\u0144 dopasowane do potrzeb klienta<\/p><\/div><\/div>\t\t\t\t<\/div>\n\t\t\t\t<\/div>\n\t\t\t\t\t<\/div>\n\t\t<\/div>\n\t\t\t\t<div class=\"elementor-column elementor-col-33 elementor-top-column elementor-element elementor-element-2f1044b\" data-id=\"2f1044b\" data-element_type=\"column\" data-e-type=\"column\">\n\t\t\t<div class=\"elementor-widget-wrap elementor-element-populated\">\n\t\t\t\t\t\t<div class=\"elementor-element elementor-element-b54f848 elementor-position-top elementor-widget elementor-widget-image-box\" data-id=\"b54f848\" data-element_type=\"widget\" data-e-type=\"widget\" data-widget_type=\"image-box.default\">\n\t\t\t\t<div class=\"elementor-widget-container\">\n\t\t\t\t\t<div class=\"elementor-image-box-wrapper\"><figure class=\"elementor-image-box-img\"><a href=\"https:\/\/bigbaltona.pl\/?page_id=38#ubezpieczenia-mienia\" tabindex=\"-1\"><img decoding=\"async\" width=\"512\" height=\"512\" data-src=\"https:\/\/bigbaltona.pl\/wp-content\/uploads\/2021\/05\/home-insurance.png\" class=\"elementor-animation-shrink attachment-full size-full wp-image-177 lazyload\" alt=\"\" data-srcset=\"https:\/\/bigbaltona.pl\/wp-content\/uploads\/2021\/05\/home-insurance.png 512w, https:\/\/bigbaltona.pl\/wp-content\/uploads\/2021\/05\/home-insurance-300x300.png 300w, https:\/\/bigbaltona.pl\/wp-content\/uploads\/2021\/05\/home-insurance-150x150.png 150w\" data-sizes=\"(max-width: 512px) 100vw, 512px\" src=\"data:image\/svg+xml;base64,PHN2ZyB3aWR0aD0iMSIgaGVpZ2h0PSIxIiB4bWxucz0iaHR0cDovL3d3dy53My5vcmcvMjAwMC9zdmciPjwvc3ZnPg==\" style=\"--smush-placeholder-width: 512px; --smush-placeholder-aspect-ratio: 512\/512;\" \/><\/a><\/figure><div class=\"elementor-image-box-content\"><h4 class=\"elementor-image-box-title\"><a href=\"https:\/\/bigbaltona.pl\/?page_id=38#ubezpieczenia-mienia\">Ubezpieczenia mienia<\/a><\/h4><p class=\"elementor-image-box-description\">Ochrona na wypadek kradzie\u017cy, po\u017caru, zala\u0144 i innych losowych przypadk\u00f3w dla Twojego domu, mieszkania, dzia\u0142ki i innych nieruchomo\u015bci<\/p><\/div><\/div>\t\t\t\t<\/div>\n\t\t\t\t<\/div>\n\t\t\t\t\t<\/div>\n\t\t<\/div>\n\t\t\t\t\t<\/div>\n\t\t<\/section>\n\t\t\t\t<section class=\"elementor-section elementor-top-section elementor-element elementor-element-4313748 elementor-section-stretched elementor-section-boxed elementor-section-height-default elementor-section-height-default\" data-id=\"4313748\" data-element_type=\"section\" data-e-type=\"section\" data-settings=\"{&quot;stretch_section&quot;:&quot;section-stretched&quot;}\">\n\t\t\t\t\t\t<div class=\"elementor-container elementor-column-gap-default\">\n\t\t\t\t\t<div class=\"elementor-column elementor-col-50 elementor-top-column elementor-element elementor-element-a8f2e7b\" data-id=\"a8f2e7b\" data-element_type=\"column\" data-e-type=\"column\">\n\t\t\t<div class=\"elementor-widget-wrap elementor-element-populated\">\n\t\t\t\t\t\t<div class=\"elementor-element elementor-element-47e1849 elementor-position-top elementor-widget elementor-widget-image-box\" data-id=\"47e1849\" data-element_type=\"widget\" data-e-type=\"widget\" data-widget_type=\"image-box.default\">\n\t\t\t\t<div class=\"elementor-widget-container\">\n\t\t\t\t\t<div class=\"elementor-image-box-wrapper\"><figure class=\"elementor-image-box-img\"><a href=\"https:\/\/bigbaltona.pl\/?page_id=38#ubezpieczenia-turystyczne\" tabindex=\"-1\"><img decoding=\"async\" width=\"512\" height=\"512\" data-src=\"https:\/\/bigbaltona.pl\/wp-content\/uploads\/2021\/05\/travel-insurance.png\" class=\"elementor-animation-shrink attachment-full size-full wp-image-275 lazyload\" alt=\"Ubezpieczenia turystyczne\" data-srcset=\"https:\/\/bigbaltona.pl\/wp-content\/uploads\/2021\/05\/travel-insurance.png 512w, https:\/\/bigbaltona.pl\/wp-content\/uploads\/2021\/05\/travel-insurance-300x300.png 300w, https:\/\/bigbaltona.pl\/wp-content\/uploads\/2021\/05\/travel-insurance-150x150.png 150w\" data-sizes=\"(max-width: 512px) 100vw, 512px\" src=\"data:image\/svg+xml;base64,PHN2ZyB3aWR0aD0iMSIgaGVpZ2h0PSIxIiB4bWxucz0iaHR0cDovL3d3dy53My5vcmcvMjAwMC9zdmciPjwvc3ZnPg==\" style=\"--smush-placeholder-width: 512px; --smush-placeholder-aspect-ratio: 512\/512;\" \/><\/a><\/figure><div class=\"elementor-image-box-content\"><h4 class=\"elementor-image-box-title\"><a href=\"https:\/\/bigbaltona.pl\/?page_id=38#ubezpieczenia-turystyczne\">Ubezpieczenia turystyczne<\/a><\/h4><p class=\"elementor-image-box-description\">Zabezpieczenie na czas wyjazdu - dodatkowa ochrona \u017cycia i zdrowia<\/p><\/div><\/div>\t\t\t\t<\/div>\n\t\t\t\t<\/div>\n\t\t\t\t\t<\/div>\n\t\t<\/div>\n\t\t\t\t<div class=\"elementor-column elementor-col-50 elementor-top-column elementor-element elementor-element-793b672\" data-id=\"793b672\" data-element_type=\"column\" data-e-type=\"column\">\n\t\t\t<div class=\"elementor-widget-wrap elementor-element-populated\">\n\t\t\t\t\t\t<div class=\"elementor-element elementor-element-35b56b8 elementor-position-top elementor-widget elementor-widget-image-box\" data-id=\"35b56b8\" data-element_type=\"widget\" data-e-type=\"widget\" data-widget_type=\"image-box.default\">\n\t\t\t\t<div class=\"elementor-widget-container\">\n\t\t\t\t\t<div class=\"elementor-image-box-wrapper\"><figure class=\"elementor-image-box-img\"><a href=\"https:\/\/bigbaltona.pl\/?page_id=38#ubezpieczenia-firm\" tabindex=\"-1\"><img decoding=\"async\" width=\"512\" height=\"512\" data-src=\"https:\/\/bigbaltona.pl\/wp-content\/uploads\/2021\/05\/factory.png\" class=\"elementor-animation-shrink attachment-full size-full wp-image-276 lazyload\" alt=\"\" data-srcset=\"https:\/\/bigbaltona.pl\/wp-content\/uploads\/2021\/05\/factory.png 512w, https:\/\/bigbaltona.pl\/wp-content\/uploads\/2021\/05\/factory-300x300.png 300w, https:\/\/bigbaltona.pl\/wp-content\/uploads\/2021\/05\/factory-150x150.png 150w\" data-sizes=\"(max-width: 512px) 100vw, 512px\" src=\"data:image\/svg+xml;base64,PHN2ZyB3aWR0aD0iMSIgaGVpZ2h0PSIxIiB4bWxucz0iaHR0cDovL3d3dy53My5vcmcvMjAwMC9zdmciPjwvc3ZnPg==\" style=\"--smush-placeholder-width: 512px; --smush-placeholder-aspect-ratio: 512\/512;\" \/><\/a><\/figure><div class=\"elementor-image-box-content\"><h4 class=\"elementor-image-box-title\"><a href=\"https:\/\/bigbaltona.pl\/?page_id=38#ubezpieczenia-firm\">Ubezpieczenia dla firm<\/a><\/h4><p class=\"elementor-image-box-description\">Oferta skierowana dla przedsi\u0119biorstw, dzi\u0119ki kt\u00f3rej zabezpieczysz sw\u00f3j biznes przed nieprzewidzianymi sytuacjami<\/p><\/div><\/div>\t\t\t\t<\/div>\n\t\t\t\t<\/div>\n\t\t\t\t\t<\/div>\n\t\t<\/div>\n\t\t\t\t\t<\/div>\n\t\t<\/section>\n\t\t\t\t<section class=\"elementor-section elementor-top-section elementor-element elementor-element-2939248 elementor-section-stretched elementor-section-boxed elementor-section-height-default elementor-section-height-default\" data-id=\"2939248\" data-element_type=\"section\" data-e-type=\"section\" data-settings=\"{&quot;stretch_section&quot;:&quot;section-stretched&quot;}\">\n\t\t\t\t\t\t<div class=\"elementor-container elementor-column-gap-default\">\n\t\t\t\t\t<div class=\"elementor-column elementor-col-100 elementor-top-column elementor-element elementor-element-b328961\" data-id=\"b328961\" data-element_type=\"column\" data-e-type=\"column\">\n\t\t\t<div class=\"elementor-widget-wrap elementor-element-populated\">\n\t\t\t\t\t\t<div class=\"elementor-element elementor-element-ff70d14 elementor-widget-divider--view-line elementor-widget elementor-widget-divider\" data-id=\"ff70d14\" data-element_type=\"widget\" data-e-type=\"widget\" data-widget_type=\"divider.default\">\n\t\t\t\t<div class=\"elementor-widget-container\">\n\t\t\t\t\t\t\t<div class=\"elementor-divider\">\n\t\t\t<span class=\"elementor-divider-separator\">\n\t\t\t\t\t\t<\/span>\n\t\t<\/div>\n\t\t\t\t\t\t<\/div>\n\t\t\t\t<\/div>\n\t\t\t\t<div class=\"elementor-element elementor-element-3e2343c elementor-widget elementor-widget-text-editor\" data-id=\"3e2343c\" data-element_type=\"widget\" data-e-type=\"widget\" data-widget_type=\"text-editor.default\">\n\t\t\t\t<div class=\"elementor-widget-container\">\n\t\t\t\t\t\t\t\t\t<p><strong>Wsp\u00f3\u0142pracujemy z wi\u0119kszo\u015bci\u0105 najwi\u0119kszych towarzystw ubezpieczeniowych na rynku:<\/strong><\/p>\t\t\t\t\t\t\t\t<\/div>\n\t\t\t\t<\/div>\n\t\t\t\t<div class=\"elementor-element elementor-element-86d63c3 elementor-widget elementor-widget-image\" data-id=\"86d63c3\" data-element_type=\"widget\" data-e-type=\"widget\" data-widget_type=\"image.default\">\n\t\t\t\t<div class=\"elementor-widget-container\">\n\t\t\t\t\t\t\t\t\t\t\t\t\t\t\t<img decoding=\"async\" width=\"1800\" height=\"677\" data-src=\"https:\/\/bigbaltona.pl\/wp-content\/uploads\/2021\/05\/loga-centrumubezpieczen-5.png\" class=\"attachment-full size-full wp-image-489 lazyload\" alt=\"\" data-srcset=\"https:\/\/bigbaltona.pl\/wp-content\/uploads\/2021\/05\/loga-centrumubezpieczen-5.png 1800w, https:\/\/bigbaltona.pl\/wp-content\/uploads\/2021\/05\/loga-centrumubezpieczen-5-300x113.png 300w, https:\/\/bigbaltona.pl\/wp-content\/uploads\/2021\/05\/loga-centrumubezpieczen-5-1024x385.png 1024w, https:\/\/bigbaltona.pl\/wp-content\/uploads\/2021\/05\/loga-centrumubezpieczen-5-768x289.png 768w, https:\/\/bigbaltona.pl\/wp-content\/uploads\/2021\/05\/loga-centrumubezpieczen-5-1536x578.png 1536w, https:\/\/bigbaltona.pl\/wp-content\/uploads\/2021\/05\/loga-centrumubezpieczen-5-1200x451.png 1200w\" data-sizes=\"(max-width: 1800px) 100vw, 1800px\" src=\"data:image\/svg+xml;base64,PHN2ZyB3aWR0aD0iMSIgaGVpZ2h0PSIxIiB4bWxucz0iaHR0cDovL3d3dy53My5vcmcvMjAwMC9zdmciPjwvc3ZnPg==\" style=\"--smush-placeholder-width: 1800px; --smush-placeholder-aspect-ratio: 1800\/677;\" \/>\t\t\t\t\t\t\t\t\t\t\t\t\t\t\t<\/div>\n\t\t\t\t<\/div>\n\t\t\t\t<div class=\"elementor-element elementor-element-abceb7a elementor-widget-divider--view-line elementor-widget elementor-widget-divider\" data-id=\"abceb7a\" data-element_type=\"widget\" data-e-type=\"widget\" data-widget_type=\"divider.default\">\n\t\t\t\t<div class=\"elementor-widget-container\">\n\t\t\t\t\t\t\t<div class=\"elementor-divider\">\n\t\t\t<span class=\"elementor-divider-separator\">\n\t\t\t\t\t\t<\/span>\n\t\t<\/div>\n\t\t\t\t\t\t<\/div>\n\t\t\t\t<\/div>\n\t\t\t\t\t<\/div>\n\t\t<\/div>\n\t\t\t\t\t<\/div>\n\t\t<\/section>\n\t\t\t\t<section class=\"elementor-section elementor-top-section elementor-element elementor-element-de0e90a elementor-section-stretched elementor-section-boxed elementor-section-height-default elementor-section-height-default\" data-id=\"de0e90a\" data-element_type=\"section\" data-e-type=\"section\" data-settings=\"{&quot;stretch_section&quot;:&quot;section-stretched&quot;}\">\n\t\t\t\t\t\t<div class=\"elementor-container elementor-column-gap-default\">\n\t\t\t\t\t<div class=\"elementor-column elementor-col-100 elementor-top-column elementor-element elementor-element-438130e\" data-id=\"438130e\" data-element_type=\"column\" data-e-type=\"column\" data-settings=\"{&quot;animation&quot;:&quot;none&quot;}\">\n\t\t\t<div class=\"elementor-widget-wrap elementor-element-populated\">\n\t\t\t\t\t\t<div class=\"elementor-element elementor-element-fb70d0c elementor-widget elementor-widget-text-editor\" data-id=\"fb70d0c\" data-element_type=\"widget\" data-e-type=\"widget\" data-widget_type=\"text-editor.default\">\n\t\t\t\t<div class=\"elementor-widget-container\">\n\t\t\t\t\t\t\t\t\t<p>Jeste\u015bmy agencj\u0105 ubezpieczeniow\u0105 zapewniaj\u0105c\u0105 szerok\u0105 ofert\u0119 20 najpopularniejszych towarzystw ubezpieczeniowych na polskim rynku. Dzia\u0142amy od 1997 roku, z sukcesem dbaj\u0105c o interesy naszych klient\u00f3w. Posiadamy wszelkiego rodzaju ubezpieczenia \u2013 komunikacyjne, maj\u0105tkowe, turystyczne, \u017cyciowe,\u00a0ubezpieczenia dla firm\u00a0i dzia\u0142alno\u015bci gospodarczych. Nieustannie poszerzamy nasz\u0105 ofert\u0119, dbaj\u0105c o zaspokojenie potrzeb ka\u017cdego klienta. Naszym celem jest, aby \u2013 poprzez nieustann\u0105 obserwacj\u0119 zmian na rynku ubezpiecze\u0144 i por\u00f3wnanie ofert wszystkich konkurencyjnych towarzystw ubezpieczeniowych \u2013 zawsze wybiera\u0107 dla naszych klient\u00f3w najlepsze propozycje. Pa\u0144stwa zadowolenie i bezpiecze\u0144stwo jest dla nas priorytetem, dlatego ka\u017cda sprawa jest traktowana indywidualnie i z zachowaniem najwy\u017cszych standard\u00f3w obs\u0142ugi.<\/p><p>\u00a0<\/p><p>Mo\u017cecie Pa\u0144stwo liczy\u0107 na nasz\u0105 pomoc w obs\u0142udze polis, a tak\u017ce na przypomnienie o ko\u0144cu ubezpieczenia i propozycj\u0119 na kolejny okres ubezpieczeniowy.<\/p><p>\u00a0<\/p><p>Nasze biuro znajduje si\u0119 w Otwocku, na ul. \u015awiderskiej 2\/4 (r\u00f3g G\u00f3rnej), bardzo blisko Urz\u0119du Komunikacji. Dzia\u0142amy na terenie ca\u0142ego powiatu otwockiego oraz stolicy i jej okolic. Oferujemy ubezpieczenia w dostosowanym do potrzeb klienta zakresie i korzystnej cenie.<\/p>\t\t\t\t\t\t\t\t<\/div>\n\t\t\t\t<\/div>\n\t\t\t\t<div class=\"elementor-element elementor-element-f6b4d48 elementor-widget elementor-widget-image\" data-id=\"f6b4d48\" data-element_type=\"widget\" data-e-type=\"widget\" data-widget_type=\"image.default\">\n\t\t\t\t<div class=\"elementor-widget-container\">\n\t\t\t\t\t\t\t\t\t\t\t\t<figure class=\"wp-caption\">\n\t\t\t\t\t\t\t\t\t\t<img decoding=\"async\" width=\"1200\" height=\"412\" data-src=\"https:\/\/bigbaltona.pl\/wp-content\/uploads\/2020\/08\/BB-o-nas-maly.jpg\" class=\"attachment-1536x1536 size-1536x1536 wp-image-81 lazyload\" alt=\"Big Baltona o nas\" data-srcset=\"https:\/\/bigbaltona.pl\/wp-content\/uploads\/2020\/08\/BB-o-nas-maly.jpg 1200w, https:\/\/bigbaltona.pl\/wp-content\/uploads\/2020\/08\/BB-o-nas-maly-300x103.jpg 300w, https:\/\/bigbaltona.pl\/wp-content\/uploads\/2020\/08\/BB-o-nas-maly-1024x352.jpg 1024w, https:\/\/bigbaltona.pl\/wp-content\/uploads\/2020\/08\/BB-o-nas-maly-768x264.jpg 768w\" data-sizes=\"(max-width: 1200px) 100vw, 1200px\" src=\"data:image\/svg+xml;base64,PHN2ZyB3aWR0aD0iMSIgaGVpZ2h0PSIxIiB4bWxucz0iaHR0cDovL3d3dy53My5vcmcvMjAwMC9zdmciPjwvc3ZnPg==\" style=\"--smush-placeholder-width: 1200px; --smush-placeholder-aspect-ratio: 1200\/412;\" \/>\t\t\t\t\t\t\t\t\t\t\t<figcaption class=\"widget-image-caption wp-caption-text\">Biuro Big Baltona<\/figcaption>\n\t\t\t\t\t\t\t\t\t\t<\/figure>\n\t\t\t\t\t\t\t\t\t<\/div>\n\t\t\t\t<\/div>\n\t\t\t\t\t<\/div>\n\t\t<\/div>\n\t\t\t\t\t<\/div>\n\t\t<\/section>\n\t\t\t\t<\/div>\n\t\t","protected":false},"excerpt":{"rendered":"<p>Ubezpieczenia komunikacyjne Najta\u0144sze polisy OC, dopasowane do potrzeb klienta polisy AC, oferty wielu towarzystw ubezpieczeniowych Ubezpieczenia na \u017cycie Zabezpiecz \u017cycie oraz zdrowie swoje i swoich najbli\u017cszych. R\u00f3\u017cne warianty ubezpiecze\u0144 dopasowane do potrzeb klienta Ubezpieczenia mienia Ochrona na wypadek kradzie\u017cy, po\u017caru, zala\u0144 i innych losowych przypadk\u00f3w dla Twojego domu, mieszkania, dzia\u0142ki i innych nieruchomo\u015bci Ubezpieczenia turystyczne [&hellip;]<\/p>\n","protected":false},"author":1,"featured_media":483,"parent":0,"menu_order":0,"comment_status":"closed","ping_status":"closed","template":"elementor_theme","meta":{"om_disable_all_campaigns":false,"_monsterinsights_skip_tracking":false,"_monsterinsights_sitenote_active":false,"_monsterinsights_sitenote_note":"","_monsterinsights_sitenote_category":0,"footnotes":""},"class_list":["post-99","page","type-page","status-publish","has-post-thumbnail","hentry"],"aioseo_notices":[],"_links":{"self":[{"href":"https:\/\/bigbaltona.pl\/index.php?rest_route=\/wp\/v2\/pages\/99","targetHints":{"allow":["GET"]}}],"collection":[{"href":"https:\/\/bigbaltona.pl\/index.php?rest_route=\/wp\/v2\/pages"}],"about":[{"href":"https:\/\/bigbaltona.pl\/index.php?rest_route=\/wp\/v2\/types\/page"}],"author":[{"embeddable":true,"href":"https:\/\/bigbaltona.pl\/index.php?rest_route=\/wp\/v2\/users\/1"}],"replies":[{"embeddable":true,"href":"https:\/\/bigbaltona.pl\/index.php?rest_route=%2Fwp%2Fv2%2Fcomments&post=99"}],"version-history":[{"count":393,"href":"https:\/\/bigbaltona.pl\/index.php?rest_route=\/wp\/v2\/pages\/99\/revisions"}],"predecessor-version":[{"id":623,"href":"https:\/\/bigbaltona.pl\/index.php?rest_route=\/wp\/v2\/pages\/99\/revisions\/623"}],"wp:featuredmedia":[{"embeddable":true,"href":"https:\/\/bigbaltona.pl\/index.php?rest_route=\/wp\/v2\/media\/483"}],"wp:attachment":[{"href":"https:\/\/bigbaltona.pl\/index.php?rest_route=%2Fwp%2Fv2%2Fmedia&parent=99"}],"curies":[{"name":"wp","href":"https:\/\/api.w.org\/{rel}","templated":true}]}}