{"id":40,"date":"2020-08-28T20:18:50","date_gmt":"2020-08-28T18:18:50","guid":{"rendered":"http:\/\/bigbaltona.pl\/?page_id=40"},"modified":"2021-11-26T12:20:53","modified_gmt":"2021-11-26T11:20:53","slug":"wazne-informacje","status":"publish","type":"page","link":"https:\/\/bigbaltona.pl\/?page_id=40","title":{"rendered":"Wa\u017cne informacje"},"content":{"rendered":"\n<blockquote class=\"wp-block-quote is-style-large is-layout-flow wp-block-quote-is-layout-flow\"><p><strong>Poni\u017cej podajemy wa\u017cne informacje i obowi\u0105zki ubezpieczaj\u0105cego:<\/strong><\/p><\/blockquote>\n\n\n\n<ul class=\"wp-block-list\" id=\"block-df76747e-19e8-4430-98b1-193d5bb371ab\"><li>Sprzedaj\u0105cy ma obowi\u0105zek poinformowa\u0107 towarzystwo ubezpieczeniowe o sprzeda\u017cy pojazdu w ci\u0105gu 14 dni. Je\u015bli zg\u0142oszenie sprzeda\u017cy nie nast\u0105pi w tym terminie, towarzystwo ma prawo za\u017c\u0105da\u0107 zap\u0142aty sk\u0142adki.<\/li><li>Sprzedaj\u0105cy ma obowi\u0105zek przekaza\u0107 razem z pojazdem polis\u0119 OC.<\/li><li>Kupuj\u0105cy ma prawo pozosta\u0107 przy polisie zbywcy. Jednak\u017ce je\u015bli na polisie widniej\u0105 zaleg\u0142e lub przysz\u0142e p\u0142atno\u015bci albo funkcjonuje rekalkulacja sk\u0142adki, w\u00f3wczas nabywca ponosi koszt w\/w p\u0142atno\u015bci.<\/li><li>Nale\u017cy pami\u0119ta\u0107, \u017ce polisa przepisana ze zbywcy na nabywc\u0119 nie wznawia si\u0119 automatycznie. Nowy w\u0142a\u015bciciel powinien pilnowa\u0107 terminu zako\u0144czenia polisy, aby nie narazi\u0107 si\u0119 kary UFG.<\/li><li>OC kr\u00f3tkoterminowe wykupione na 30 dni dla pojazdu nie zarejestrowanego w Polsce, w dniu rejestracji traci wa\u017cno\u015b\u0107. Polis\u0119 OC ca\u0142oroczn\u0105 nale\u017cy wykupi\u0107 w dniu pierwszej rejestracji w Polsce.<\/li><\/ul>\n\n\n\n<blockquote class=\"wp-block-quote is-style-large is-layout-flow wp-block-quote-is-layout-flow\"><p>Dokumenty do pobrania: (.pdf)<\/p><\/blockquote>\n\n\n\n<div class=\"wp-block-file\"><a href=\"http:\/\/bigbaltona.pl\/wp-content\/uploads\/2020\/08\/wypowiedzenie_oc.pdf\">Wypowiedzenie OC<\/a><a href=\"http:\/\/bigbaltona.pl\/wp-content\/uploads\/2020\/08\/wypowiedzenie_oc.pdf\" class=\"wp-block-file__button\" download>Pobierz<\/a><\/div>\n\n\n\n<div class=\"wp-block-file\"><a href=\"http:\/\/bigbaltona.pl\/wp-content\/uploads\/2020\/08\/umowa-kupna-sprzedazy.pdf\">Umowa kupna sprzeda\u017cy<\/a><a href=\"http:\/\/bigbaltona.pl\/wp-content\/uploads\/2020\/08\/umowa-kupna-sprzedazy.pdf\" class=\"wp-block-file__button\" download>Pobierz<\/a><\/div>\n\n\n\n<div class=\"wp-block-file\"><a href=\"http:\/\/bigbaltona.pl\/wp-content\/uploads\/2020\/08\/wspolne-oswiadczenie-o-zdarzeniu-drogowym.pdf\">Wsp\u00f3lne o\u015bwiadczenie o zdarzeniu drogowym<\/a><a href=\"http:\/\/bigbaltona.pl\/wp-content\/uploads\/2020\/08\/wspolne-oswiadczenie-o-zdarzeniu-drogowym.pdf\" class=\"wp-block-file__button\" download>Pobierz<\/a><\/div>\n\n\n\n<div class=\"wp-block-file\"><a href=\"http:\/\/bigbaltona.pl\/wp-content\/uploads\/2020\/08\/oswiadczenie_sprawcy.pdf\">O\u015bwiadczenie sprawcy o kolizji drogowej<\/a><a href=\"http:\/\/bigbaltona.pl\/wp-content\/uploads\/2020\/08\/oswiadczenie_sprawcy.pdf\" class=\"wp-block-file__button\" download>Pobierz<\/a><\/div>\n\n\n\n<div class=\"wp-block-file\"><a href=\"http:\/\/bigbaltona.pl\/wp-content\/uploads\/2020\/08\/prosba-o-zwrot-skladki.pdf\">Pro\u015bba o zwrot sk\u0142adki<\/a><a href=\"http:\/\/bigbaltona.pl\/wp-content\/uploads\/2020\/08\/prosba-o-zwrot-skladki.pdf\" class=\"wp-block-file__button\" download>Pobierz<\/a><\/div>\n","protected":false},"excerpt":{"rendered":"<p>Poni\u017cej podajemy wa\u017cne informacje i obowi\u0105zki ubezpieczaj\u0105cego: Sprzedaj\u0105cy ma obowi\u0105zek poinformowa\u0107 towarzystwo ubezpieczeniowe o sprzeda\u017cy pojazdu w ci\u0105gu 14 dni. Je\u015bli zg\u0142oszenie sprzeda\u017cy nie nast\u0105pi w tym terminie, towarzystwo ma prawo za\u017c\u0105da\u0107 zap\u0142aty sk\u0142adki. Sprzedaj\u0105cy ma obowi\u0105zek przekaza\u0107 razem z pojazdem polis\u0119 OC. Kupuj\u0105cy ma prawo pozosta\u0107 przy polisie zbywcy. Jednak\u017ce je\u015bli na polisie widniej\u0105 [&hellip;]<\/p>\n","protected":false},"author":1,"featured_media":0,"parent":0,"menu_order":0,"comment_status":"closed","ping_status":"closed","template":"templates\/template-full-width.php","meta":{"om_disable_all_campaigns":false,"_monsterinsights_skip_tracking":false,"_monsterinsights_sitenote_active":false,"_monsterinsights_sitenote_note":"","_monsterinsights_sitenote_category":0,"footnotes":""},"class_list":["post-40","page","type-page","status-publish","hentry"],"aioseo_notices":[],"_links":{"self":[{"href":"https:\/\/bigbaltona.pl\/index.php?rest_route=\/wp\/v2\/pages\/40","targetHints":{"allow":["GET"]}}],"collection":[{"href":"https:\/\/bigbaltona.pl\/index.php?rest_route=\/wp\/v2\/pages"}],"about":[{"href":"https:\/\/bigbaltona.pl\/index.php?rest_route=\/wp\/v2\/types\/page"}],"author":[{"embeddable":true,"href":"https:\/\/bigbaltona.pl\/index.php?rest_route=\/wp\/v2\/users\/1"}],"replies":[{"embeddable":true,"href":"https:\/\/bigbaltona.pl\/index.php?rest_route=%2Fwp%2Fv2%2Fcomments&post=40"}],"version-history":[{"count":2,"href":"https:\/\/bigbaltona.pl\/index.php?rest_route=\/wp\/v2\/pages\/40\/revisions"}],"predecessor-version":[{"id":61,"href":"https:\/\/bigbaltona.pl\/index.php?rest_route=\/wp\/v2\/pages\/40\/revisions\/61"}],"wp:attachment":[{"href":"https:\/\/bigbaltona.pl\/index.php?rest_route=%2Fwp%2Fv2%2Fmedia&parent=40"}],"curies":[{"name":"wp","href":"https:\/\/api.w.org\/{rel}","templated":true}]}}